{"id":109,"date":"2020-10-14T12:22:26","date_gmt":"2020-10-14T12:22:26","guid":{"rendered":"https:\/\/feixelectronic.com\/wp\/?page_id=109"},"modified":"2020-11-02T08:58:53","modified_gmt":"2020-11-02T08:58:53","slug":"auxiliares-de-servicio","status":"publish","type":"page","link":"https:\/\/feix.es\/wp\/index.php\/auxiliares-de-servicio\/","title":{"rendered":"Auxiliares de Servicio"},"content":{"rendered":"<p>[et_pb_section fb_built=\u00bb1&#8243; fullwidth=\u00bbon\u00bb _builder_version=\u00bb4.6.5&#8243; _module_preset=\u00bbdefault\u00bb background_color=\u00bbrgba(0,0,0,0)\u00bb][et_pb_fullwidth_slider show_arrows=\u00bboff\u00bb show_pagination=\u00bboff\u00bb _builder_version=\u00bb4.6.6&#8243; _module_preset=\u00bbdefault\u00bb min_height=\u00bb668px\u00bb custom_margin=\u00bb||-3px|||\u00bb custom_padding=\u00bb||272px|||\u00bb][et_pb_slide heading=\u00bbAuxiliares de Servicio\u00bb use_bg_overlay=\u00bbon\u00bb bg_overlay_color=\u00bbrgba(0,0,0,0.5)\u00bb _builder_version=\u00bb4.6.6&#8243; _module_preset=\u00bbdefault\u00bb header_font_size=\u00bb80px\u00bb background_color=\u00bbrgba(0,0,0,0)\u00bb background_enable_color=\u00bbon\u00bb background_image=\u00bbhttps:\/\/feix.es\/wp\/wp-content\/uploads\/2020\/10\/service-cover-auxiliares-ok1.jpg\u00bb background_enable_image=\u00bbon\u00bb sticky_transition=\u00bbon\u00bb][\/et_pb_slide][\/et_pb_fullwidth_slider][\/et_pb_section][et_pb_section fb_built=\u00bb1&#8243; _builder_version=\u00bb4.6.6&#8243; _module_preset=\u00bbdefault\u00bb background_color=\u00bb#ffffff\u00bb][et_pb_row _builder_version=\u00bb4.6.5&#8243; _module_preset=\u00bbdefault\u00bb][et_pb_column type=\u00bb4_4&#8243; _builder_version=\u00bb4.6.5&#8243; _module_preset=\u00bbdefault\u00bb][et_pb_image src=\u00bbhttps:\/\/feix.es\/wp\/wp-content\/uploads\/2020\/10\/service-icon-logo-feix-1.png\u00bb title_text=\u00bbservice-icon-logo-feix-1&#8243; align=\u00bbcenter\u00bb _builder_version=\u00bb4.6.5&#8243; _module_preset=\u00bbdefault\u00bb width=\u00bb9%\u00bb][\/et_pb_image][\/et_pb_column][\/et_pb_row][et_pb_row _builder_version=\u00bb4.6.5&#8243; _module_preset=\u00bbdefault\u00bb width=\u00bb35.1%\u00bb][et_pb_column type=\u00bb4_4&#8243; _builder_version=\u00bb4.6.5&#8243; _module_preset=\u00bbdefault\u00bb][et_pb_text admin_label=\u00bbTexto\u00bb _builder_version=\u00bb4.6.5&#8243; _module_preset=\u00bbdefault\u00bb text_font=\u00bb||||||||\u00bb text_text_color=\u00bb#000000&#8243; text_letter_spacing=\u00bb4px\u00bb text_line_height=\u00bb1.8em\u00bb]<\/p>\n<div class=\"wpb_text_column wpb_content_element \">\n<div class=\"wpb_wrapper\">\n<h1 class=\"title-page\" style=\"text-align: center;\"><strong>AUXILIARES DE SERVICIO<\/strong><\/h1>\n<\/div>\n<\/div>\n<div class=\"wpb_text_column wpb_content_element  wpb_animate_when_almost_visible wpb_bottom-to-top paragraph-boxed wpb_start_animation\">\n<div class=\"wpb_wrapper\">\n<p style=\"text-align: left;\">\n<\/div>\n<\/div>\n<p>[\/et_pb_text][\/et_pb_column][\/et_pb_row][et_pb_row _builder_version=\u00bb4.6.5&#8243; _module_preset=\u00bbdefault\u00bb][et_pb_column type=\u00bb4_4&#8243; _builder_version=\u00bb4.6.5&#8243; _module_preset=\u00bbdefault\u00bb][et_pb_text _builder_version=\u00bb4.6.5&#8243; _module_preset=\u00bbdefault\u00bb text_font=\u00bb|300|||||||\u00bb text_font_size=\u00bb22px\u00bb text_line_height=\u00bb1.8em\u00bb width=\u00bb61%\u00bb module_alignment=\u00bbcenter\u00bb]<\/p>\n<p><span>El Auxiliar es una figura polivalente, especializada en control de accesos y recepci\u00f3n de personas y mercanc\u00edas.<\/span><\/p>\n<p>[\/et_pb_text][\/et_pb_column][\/et_pb_row][et_pb_row _builder_version=\u00bb4.6.5&#8243; _module_preset=\u00bbdefault\u00bb][et_pb_column type=\u00bb4_4&#8243; _builder_version=\u00bb4.6.5&#8243; _module_preset=\u00bbdefault\u00bb][et_pb_image src=\u00bbhttps:\/\/feix.es\/wp\/wp-content\/uploads\/2020\/10\/ilustracion-auxiliares-de-servicio.png\u00bb title_text=\u00bbilustracion-auxiliares-de-servicio\u00bb _builder_version=\u00bb4.6.6&#8243; _module_preset=\u00bbdefault\u00bb][\/et_pb_image][\/et_pb_column][\/et_pb_row][\/et_pb_section][et_pb_section fb_built=\u00bb1&#8243; prev_background_color=\u00bb#ffffff\u00bb _builder_version=\u00bb4.6.6&#8243; _module_preset=\u00bbdefault\u00bb background_color=\u00bb#f7f7f7&#8243; custom_padding=\u00bb131px|||||\u00bb top_divider_style=\u00bbarrow\u00bb][et_pb_row _builder_version=\u00bb4.6.5&#8243; _module_preset=\u00bbdefault\u00bb][et_pb_column type=\u00bb4_4&#8243; _builder_version=\u00bb4.6.5&#8243; _module_preset=\u00bbdefault\u00bb][et_pb_divider _builder_version=\u00bb4.6.5&#8243; _module_preset=\u00bbdefault\u00bb width=\u00bb13%\u00bb module_alignment=\u00bbcenter\u00bb custom_margin=\u00bb0px||9px||false|false\u00bb custom_padding=\u00bb0px||||false|false\u00bb][\/et_pb_divider][et_pb_text _builder_version=\u00bb4.6.6&#8243; _module_preset=\u00bbdefault\u00bb text_font=\u00bb|300|||||||\u00bb text_text_color=\u00bb#914045&#8243; text_font_size=\u00bb52px\u00bb custom_padding=\u00bb||1px|||\u00bb]<\/p>\n<p style=\"text-align: center;\">POLIVALENCIA<\/p>\n<p>[\/et_pb_text][et_pb_divider _builder_version=\u00bb4.6.5&#8243; _module_preset=\u00bbdefault\u00bb width=\u00bb13%\u00bb module_alignment=\u00bbcenter\u00bb][\/et_pb_divider][\/et_pb_column][\/et_pb_row][et_pb_row _builder_version=\u00bb4.6.5&#8243; _module_preset=\u00bbdefault\u00bb][et_pb_column type=\u00bb4_4&#8243; _builder_version=\u00bb4.6.5&#8243; _module_preset=\u00bbdefault\u00bb][et_pb_text _builder_version=\u00bb4.6.5&#8243; _module_preset=\u00bbdefault\u00bb text_font=\u00bb|300|||||||\u00bb text_font_size=\u00bb22px\u00bb text_line_height=\u00bb1.8em\u00bb width=\u00bb61%\u00bb module_alignment=\u00bbcenter\u00bb]<\/p>\n<p>Los servicios prestados con Auxiliares de Servicios cubren aquellas \u00e1reas de prestaci\u00f3n donde nuestros Vigilantes de Seguridad se ven limitados por la normativa de Seguridad Privada.<\/p>\n<p>La realizaci\u00f3n de controles de visitas, informaci\u00f3n a clientes y proveedores, registro de accesos, atenci\u00f3n telef\u00f3nica, y control preventivo de sistemas son algunas de las muchas funciones a medida que podemos dise\u00f1ar para nuestro cliente.<\/p>\n<p>[\/et_pb_text][\/et_pb_column][\/et_pb_row][et_pb_row _builder_version=\u00bb4.6.6&#8243; _module_preset=\u00bbdefault\u00bb][et_pb_column type=\u00bb4_4&#8243; _builder_version=\u00bb4.6.6&#8243; _module_preset=\u00bbdefault\u00bb][et_pb_image src=\u00bbhttps:\/\/feix.es\/wp\/wp-content\/uploads\/2020\/10\/servicio-auxiliares-de-servicio.jpg\u00bb title_text=\u00bbservicio-auxiliares-de-servicio\u00bb _builder_version=\u00bb4.6.6&#8243; _module_preset=\u00bbdefault\u00bb][\/et_pb_image][\/et_pb_column][\/et_pb_row][\/et_pb_section][et_pb_section fb_built=\u00bb1&#8243; _builder_version=\u00bb4.6.6&#8243; _module_preset=\u00bbdefault\u00bb background_color=\u00bb#ffffff\u00bb][et_pb_row _builder_version=\u00bb4.6.5&#8243; _module_preset=\u00bbdefault\u00bb][et_pb_column type=\u00bb4_4&#8243; _builder_version=\u00bb4.6.5&#8243; _module_preset=\u00bbdefault\u00bb][et_pb_divider _builder_version=\u00bb4.6.5&#8243; _module_preset=\u00bbdefault\u00bb width=\u00bb13%\u00bb module_alignment=\u00bbcenter\u00bb custom_margin=\u00bb0px||9px||false|false\u00bb custom_padding=\u00bb0px||||false|false\u00bb][\/et_pb_divider][et_pb_text _builder_version=\u00bb4.6.6&#8243; _module_preset=\u00bbdefault\u00bb text_font=\u00bb|300|||||||\u00bb text_text_color=\u00bb#914045&#8243; text_font_size=\u00bb52px\u00bb]<\/p>\n<p style=\"text-align: center;\">CONT\u00c1CTANOS<\/p>\n<p>[\/et_pb_text][et_pb_divider _builder_version=\u00bb4.6.5&#8243; _module_preset=\u00bbdefault\u00bb width=\u00bb13%\u00bb module_alignment=\u00bbcenter\u00bb][\/et_pb_divider][et_pb_text _builder_version=\u00bb4.6.5&#8243; _module_preset=\u00bbdefault\u00bb text_font=\u00bb|300|||||||\u00bb text_font_size=\u00bb22px\u00bb text_line_height=\u00bb1.8em\u00bb width=\u00bb61%\u00bb module_alignment=\u00bbcenter\u00bb]<\/p>\n<div class=\"wpb_text_column wpb_content_element  wpb_animate_when_almost_visible wpb_bottom-to-top paragraph-boxed wpb_start_animation\">\n<div class=\"wpb_wrapper\">\n<p style=\"text-align: center;\">P\u00f3ngase en contacto con nosotros<br \/>para tener m\u00e1s informaci\u00f3n sobre nuestros servicios.<\/p>\n<\/div>\n<\/div>\n<div class=\"wpb_raw_code wpb_content_element wpb_raw_html\">\n<div class=\"wpb_wrapper\" style=\"text-align: center;\"><\/div>\n<\/div>\n<p>[\/et_pb_text][et_pb_button button_url=\u00bb@ET-DC@eyJkeW5hbWljIjp0cnVlLCJjb250ZW50IjoicG9zdF9saW5rX3VybF9wYWdlIiwic2V0dGluZ3MiOnsicG9zdF9pZCI6IjE1In19@\u00bb button_text=\u00bbContacto\u00bb button_alignment=\u00bbcenter\u00bb _builder_version=\u00bb4.6.6&#8243; _dynamic_attributes=\u00bbbutton_url\u00bb _module_preset=\u00bbdefault\u00bb custom_button=\u00bbon\u00bb button_border_width=\u00bb1px\u00bb button_border_radius=\u00bb23px\u00bb button_use_icon=\u00bboff\u00bb custom_padding=\u00bb|30px||30px|false|false\u00bb locked=\u00bboff\u00bb][\/et_pb_button][\/et_pb_column][\/et_pb_row][\/et_pb_section][et_pb_section fb_built=\u00bb1&#8243; _builder_version=\u00bb4.6.6&#8243; _module_preset=\u00bbdefault\u00bb background_image=\u00bbhttps:\/\/feix.es\/wp\/wp-content\/uploads\/2020\/10\/bottom-icon-logo-feix-1.png\u00bb background_size=\u00bbcontain\u00bb background_blend=\u00bbmultiply\u00bb custom_padding=\u00bb79px||79px|||\u00bb][et_pb_row _builder_version=\u00bb4.6.5&#8243; _module_preset=\u00bbdefault\u00bb][et_pb_column type=\u00bb4_4&#8243; _builder_version=\u00bb4.6.5&#8243; _module_preset=\u00bbdefault\u00bb][et_pb_text _builder_version=\u00bb4.6.5&#8243; _module_preset=\u00bbdefault\u00bb text_font=\u00bb|300|||||||\u00bb text_text_color=\u00bb#ffffff\u00bb text_font_size=\u00bb44px\u00bb text_line_height=\u00bb1.8em\u00bb width=\u00bb100%\u00bb]<\/p>\n<p style=\"text-align: center;\"><span>Desde puestos est\u00e1ticos hasta recorridos de control, las combinaciones son tantas como opciones de servicio<\/span><\/p>\n<p>[\/et_pb_text][\/et_pb_column][\/et_pb_row][\/et_pb_section]<\/p>\n","protected":false},"excerpt":{"rendered":"<p>AUXILIARES DE SERVICIO El Auxiliar es una figura polivalente, especializada en control de accesos y recepci\u00f3n de personas y mercanc\u00edas.POLIVALENCIALos servicios prestados con Auxiliares de Servicios cubren aquellas \u00e1reas de prestaci\u00f3n donde nuestros Vigilantes de Seguridad se ven limitados por la normativa de Seguridad Privada. La realizaci\u00f3n de controles de visitas, informaci\u00f3n a clientes y [&hellip;]<\/p>\n","protected":false},"author":1,"featured_media":0,"parent":0,"menu_order":0,"comment_status":"closed","ping_status":"closed","template":"","meta":{"_acf_changed":false,"_et_pb_use_builder":"on","_et_pb_old_content":"","_et_gb_content_width":"","footnotes":""},"class_list":["post-109","page","type-page","status-publish","hentry"],"acf":[],"_links":{"self":[{"href":"https:\/\/feix.es\/wp\/index.php\/wp-json\/wp\/v2\/pages\/109","targetHints":{"allow":["GET"]}}],"collection":[{"href":"https:\/\/feix.es\/wp\/index.php\/wp-json\/wp\/v2\/pages"}],"about":[{"href":"https:\/\/feix.es\/wp\/index.php\/wp-json\/wp\/v2\/types\/page"}],"author":[{"embeddable":true,"href":"https:\/\/feix.es\/wp\/index.php\/wp-json\/wp\/v2\/users\/1"}],"replies":[{"embeddable":true,"href":"https:\/\/feix.es\/wp\/index.php\/wp-json\/wp\/v2\/comments?post=109"}],"version-history":[{"count":5,"href":"https:\/\/feix.es\/wp\/index.php\/wp-json\/wp\/v2\/pages\/109\/revisions"}],"predecessor-version":[{"id":426,"href":"https:\/\/feix.es\/wp\/index.php\/wp-json\/wp\/v2\/pages\/109\/revisions\/426"}],"wp:attachment":[{"href":"https:\/\/feix.es\/wp\/index.php\/wp-json\/wp\/v2\/media?parent=109"}],"curies":[{"name":"wp","href":"https:\/\/api.w.org\/{rel}","templated":true}]}}